{"id":21,"date":"2023-08-02T05:22:00","date_gmt":"2023-08-02T05:22:00","guid":{"rendered":"http:\/\/elchollo.info\/?page_id=21"},"modified":"2023-08-02T05:22:00","modified_gmt":"2023-08-02T05:22:00","slug":"about","status":"publish","type":"page","link":"https:\/\/elchollo.info\/?page_id=21","title":{"rendered":"About"},"content":{"rendered":"\n<section class=\"hts-section hts-page hts-about\">\n    <div class=\"hts-about-header\">\n        <div class=\"hts-about-header-content\">\n            <div class=\"hts-about-body\">\n                <div>\n                    <h1>Acerca de Nosotros<\/h1>\n                    <p>Descubre los mejores descuentos en un solo lugar<\/p>\n                <\/div>\n            <\/div>\n            <div class=\"hts-about-image\">\n                <div class=\"hts-image-wrapper\">\n                    <img decoding=\"async\" src=\"https:\/\/images.unsplash.com\/photo-1546641082-b3c3d4bfae25?crop=entropy\" title=\"Photo by Jon Tyson\" alt=\"turned on Best neon sign\">                    <span class=\"hts-unsplash-data\">Photo by <a href=\"https:\/\/unsplash.com\/@jontyson?utm_source=hostinger&#038;utm_medium=referral\" rel=\"nofollow\">Jon Tyson<\/a> on <a href=\"https:\/\/unsplash.com\/?utm_source=hostinger&#038;utm_medium=referral\" rel=\"nofollow\">Unsplash<\/a><\/span>                <\/div>\n            <\/div>\n        <\/div>\n    <\/div>\n    <hr class=\"full\">\n    <div class=\"hts-details\">\n                <div class=\"hts-about-story\">\n            <h2 class=\"hts-title\">MY STORY<\/h2>\n            <div class=\"hts-description\">\n                En Megachollos nos encargamos de recopilar las mejores ofertas de cada casa para que puedas ahorrar al m\u00e1ximo. Nuestro objetivo es brindarte una experiencia de compras \u00fanica, donde encontrar\u00e1s los descuentos m\u00e1s impresionantes en una amplia variedad de productos. \u00danete a nuestra comunidad y aprovecha al m\u00e1ximo tus compras online.            <\/div>\n        <\/div>\n        \n        <div class=\"hts-gallery\">\n            <div class=\"hts-image-wrapper hts-bottom\">\n                <img decoding=\"async\" src=\"https:\/\/images.unsplash.com\/photo-1529458071944-6d8f867e47ac?crop=entropy\" title=\"Photo by Jon Tyson\" alt=\"white Best LED signage\"><span class=\"hts-unsplash-data\">Photo by <a href=\"https:\/\/unsplash.com\/@jontyson?utm_source=hostinger&#038;utm_medium=referral\" rel=\"nofollow\">Jon Tyson<\/a> on <a href=\"https:\/\/unsplash.com\/?utm_source=hostinger&#038;utm_medium=referral\" rel=\"nofollow\">Unsplash<\/a><\/span>            <\/div>\n            <div class=\"hts-image-wrapper hts-bottom\">\n                <img decoding=\"async\" src=\"https:\/\/images.unsplash.com\/photo-1522262139463-236991a708cb?crop=entropy\" title=\"Photo by Mohamed Nohassi\" alt=\"woman spread hand\"><span class=\"hts-unsplash-data\">Photo by <a href=\"https:\/\/unsplash.com\/@coopery?utm_source=hostinger&#038;utm_medium=referral\" rel=\"nofollow\">Mohamed Nohassi<\/a> on <a href=\"https:\/\/unsplash.com\/?utm_source=hostinger&#038;utm_medium=referral\" rel=\"nofollow\">Unsplash<\/a><\/span>            <\/div>\n        <\/div>\n    <\/div>\n<\/section><section class=\"hts-section hts-newsletter\">\n\t<hr class=\"full\">\n\t<div class=\"wrapper\">\n\t<div>\n\t\t<h3 class=\"hts-title\">Newsletter<\/h3>\n\t\t<p>Subscribe to stay up-to-date with my latest creative projects, insights, and tips.<\/p>\n\t<\/div>\n\t<div class=\"hts-newsletter-block\">\n\t\t<form>\n\t\t\t<input type=\"hidden\" id=\"newsletter_nonce\" name=\"newsletter_nonce\" value=\"564e58da0a\" \/><input type=\"hidden\" name=\"_wp_http_referer\" value=\"\/index.php?rest_route=%2Fwp%2Fv2%2Fpages%2F21\" \/>\t\t\t<label for=\"hts-newsletter-email\">Email<\/label>\n\t\t\t<input type=\"email\"\n\t\t\t       id=\"hts-newsletter-email\"\n\t\t\t       name=\"newsletter_email\"\n\t\t\t       placeholder=\"What\u2019s your email?\">\n\t\t\t<div class=\"validate-message\"><\/div>\n\t\t\t<div class=\"hts-privacy-agree\">\n\t\t\t\t<label class=\"hts-form-control\">\n\t\t\t\t<input type=\"checkbox\" id=\"privacy-policy-checkbox\" name=\"privacy_policy\" required>\n\t\t\t\t<\/label>\n\t\t\t\t<span>\n\t\t\t\t\tI consent to use of my email address for the purpose of receiving newsletters as described in <a href=\"\" target=\"_blank\">Privacy Policy<\/a>, which I have read. I may withdraw my consent at any time.\t\t\t\t<\/span>\n\t\t\t<\/div>\n\t\t\t<input type=\"submit\" class=\"btn primary\" value=\"Subscribe\"\/>\n\t\t<\/form>\n\t<\/div>\n\t<\/div>\n<\/section>","protected":false},"excerpt":{"rendered":"","protected":false},"author":1,"featured_media":0,"parent":0,"menu_order":0,"comment_status":"closed","ping_status":"closed","template":"","meta":{"_monsterinsights_skip_tracking":false,"_monsterinsights_sitenote_active":false,"_monsterinsights_sitenote_note":"","_monsterinsights_sitenote_category":0,"footnotes":""},"aioseo_notices":[],"_links":{"self":[{"href":"https:\/\/elchollo.info\/index.php?rest_route=\/wp\/v2\/pages\/21"}],"collection":[{"href":"https:\/\/elchollo.info\/index.php?rest_route=\/wp\/v2\/pages"}],"about":[{"href":"https:\/\/elchollo.info\/index.php?rest_route=\/wp\/v2\/types\/page"}],"author":[{"embeddable":true,"href":"https:\/\/elchollo.info\/index.php?rest_route=\/wp\/v2\/users\/1"}],"replies":[{"embeddable":true,"href":"https:\/\/elchollo.info\/index.php?rest_route=%2Fwp%2Fv2%2Fcomments&post=21"}],"version-history":[{"count":0,"href":"https:\/\/elchollo.info\/index.php?rest_route=\/wp\/v2\/pages\/21\/revisions"}],"wp:attachment":[{"href":"https:\/\/elchollo.info\/index.php?rest_route=%2Fwp%2Fv2%2Fmedia&parent=21"}],"curies":[{"name":"wp","href":"https:\/\/api.w.org\/{rel}","templated":true}]}}